{"id":2,"date":"2021-08-30T11:13:53","date_gmt":"2021-08-30T09:13:53","guid":{"rendered":"https:\/\/shop2.leitermann.de\/blog\/?page_id=2"},"modified":"2024-12-05T08:55:36","modified_gmt":"2024-12-05T07:55:36","slug":"beispiel-seite","status":"publish","type":"page","link":"https:\/\/www.leitermann.de\/blog\/","title":{"rendered":"Der Ratgeber-Blog von LEITERMANN"},"content":{"rendered":"\n<div class=\"wp-block-media-text alignwide is-stacked-on-mobile is-image-fill-element has-background\" style=\"background-color:#fffbe0;grid-template-columns:63% auto\"><figure class=\"wp-block-media-text__media\"><img decoding=\"async\" width=\"1024\" height=\"680\" src=\"https:\/\/www.leitermann.de\/blog\/wp-content\/uploads\/2024\/03\/terrace-2804806_karin_van_Duke-auf-Pixabay-1024x680.jpg\" alt=\"\" class=\"wp-image-4629 size-full\" style=\"object-position:50% 50%\" title=\"\" srcset=\"https:\/\/www.leitermann.de\/blog\/wp-content\/uploads\/2024\/03\/terrace-2804806_karin_van_Duke-auf-Pixabay-1024x680.jpg 1024w, https:\/\/www.leitermann.de\/blog\/wp-content\/uploads\/2024\/03\/terrace-2804806_karin_van_Duke-auf-Pixabay-300x199.jpg 300w, https:\/\/www.leitermann.de\/blog\/wp-content\/uploads\/2024\/03\/terrace-2804806_karin_van_Duke-auf-Pixabay-768x510.jpg 768w, https:\/\/www.leitermann.de\/blog\/wp-content\/uploads\/2024\/03\/terrace-2804806_karin_van_Duke-auf-Pixabay-1536x1020.jpg 1536w, https:\/\/www.leitermann.de\/blog\/wp-content\/uploads\/2024\/03\/terrace-2804806_karin_van_Duke-auf-Pixabay-1200x797.jpg 1200w, https:\/\/www.leitermann.de\/blog\/wp-content\/uploads\/2024\/03\/terrace-2804806_karin_van_Duke-auf-Pixabay.jpg 1920w\" sizes=\"(max-width: 1024px) 100vw, 1024px\" \/><\/figure><div class=\"wp-block-media-text__content\">\n<p><strong>Reinigung Terrassenfugen<\/strong><\/p>\n\n\n\n<h2 class=\"wp-block-heading\" id=\"5-tipps-furs-wintergrillen\" style=\"font-size:4rem\">So wirst du Unkraut los<\/h2>\n\n\n\n<p>Das erste Unkraut und Moos l\u00e4sst sich zwischen deinen Terrassen- und Gehwegplatten blicken? Warte nicht zu lange mit der Reinigung!<\/p>\n\n\n\n<div class=\"wp-block-buttons is-layout-flex wp-block-buttons-is-layout-flex\">\n<div class=\"wp-block-button\"><a class=\"wp-block-button__link wp-element-button\" href=\"https:\/\/www.leitermann.de\/blog\/ratgeber\/garten-freizeit\/reinigung-terrassenfugen\/\">Mehr erfahren<\/a><\/div>\n<\/div>\n<\/div><\/div>\n\n\n\n<div class=\"wp-block-group alignwide has-background\" style=\"background-color:#ffffff\"><div class=\"wp-block-group__inner-container is-layout-flow wp-block-group-is-layout-flow\">\n<div class=\"wp-block-group\"><div class=\"wp-block-group__inner-container is-layout-flow wp-block-group-is-layout-flow\">\n<h2 class=\"wp-block-heading has-text-align-left\" id=\"plane-dein-diy-projekt-mit-leitermann-deinem-bau-und-gartenmarkt-in-sachsen-und-thuringen\">Plane dein DIY-Projekt mit LEITERMANN &#8211; deinem Bau- und Gartenmarkt in Sachsen und Th\u00fcringen<\/h2>\n\n\n\n<p class=\"has-text-align-left\">Do-it-Yourself! Unser Ratgeber f\u00fcr Heimwerker und kreative Selbermacher bietet umfassende Hintergrundinformationen, Praxistipps, inspirative Ideen und Schritt-f\u00fcr-Schritt-Anleitungen.<\/p>\n<\/div><\/div>\n<\/div><\/div>\n\n\n\n<div class=\"wp-block-columns alignwide is-layout-flex wp-container-core-columns-is-layout-9d6595d7 wp-block-columns-is-layout-flex\">\n<div class=\"wp-block-column has-background is-layout-flow wp-block-column-is-layout-flow\" style=\"background-color:#fefbe0\">\n<figure class=\"wp-block-image size-full\"><img decoding=\"async\" width=\"992\" height=\"992\" src=\"https:\/\/www.leitermann.de\/blog\/wp-content\/uploads\/2024\/04\/vogeltraenke_klein.jpg\" alt=\"\" class=\"wp-image-4726\" title=\"\" srcset=\"https:\/\/www.leitermann.de\/blog\/wp-content\/uploads\/2024\/04\/vogeltraenke_klein.jpg 992w, https:\/\/www.leitermann.de\/blog\/wp-content\/uploads\/2024\/04\/vogeltraenke_klein-300x300.jpg 300w, https:\/\/www.leitermann.de\/blog\/wp-content\/uploads\/2024\/04\/vogeltraenke_klein-150x150.jpg 150w, https:\/\/www.leitermann.de\/blog\/wp-content\/uploads\/2024\/04\/vogeltraenke_klein-768x768.jpg 768w\" sizes=\"(max-width: 992px) 100vw, 992px\" \/><\/figure>\n\n\n\n<h4 class=\"wp-block-heading has-text-align-center\" id=\"feuerschalen-der-besondere-blickfang\">DIY: Vogeltr\u00e4nke selber bauen<\/h4>\n\n\n\n<p class=\"has-text-align-center\">V\u00f6gel freuen sich an hei\u00dfen Tagen \u00fcber eine Abk\u00fchlung. Mit einer Vogeltr\u00e4nke hilfst du den Tieren in der trockenen Jahreszeit gen\u00fcgend Wasser zu finden.<\/p>\n\n\n\n<div class=\"wp-block-buttons is-horizontal is-content-justification-center is-layout-flex wp-container-core-buttons-is-layout-499968f5 wp-block-buttons-is-layout-flex\">\n<div class=\"wp-block-button\"><a class=\"wp-block-button__link wp-element-button\" href=\"https:\/\/www.leitermann.de\/blog\/selbermachen\/vogeltraenke-rhabarberblatt-aus-beton-bauen\/\">Zur Anleitung<\/a><\/div>\n<\/div>\n<\/div>\n\n\n\n<div class=\"wp-block-column has-background is-layout-flow wp-block-column-is-layout-flow\" style=\"background-color:#efefef\">\n<figure class=\"wp-block-image size-large\"><img decoding=\"async\" width=\"1024\" height=\"1024\" src=\"https:\/\/www.leitermann.de\/blog\/wp-content\/uploads\/2024\/04\/AdobeStock_45006219_klein-1024x1024.jpg\" alt=\"\" class=\"wp-image-4715\" title=\"\" srcset=\"https:\/\/www.leitermann.de\/blog\/wp-content\/uploads\/2024\/04\/AdobeStock_45006219_klein-1024x1024.jpg 1024w, https:\/\/www.leitermann.de\/blog\/wp-content\/uploads\/2024\/04\/AdobeStock_45006219_klein-300x300.jpg 300w, https:\/\/www.leitermann.de\/blog\/wp-content\/uploads\/2024\/04\/AdobeStock_45006219_klein-150x150.jpg 150w, https:\/\/www.leitermann.de\/blog\/wp-content\/uploads\/2024\/04\/AdobeStock_45006219_klein-768x768.jpg 768w, https:\/\/www.leitermann.de\/blog\/wp-content\/uploads\/2024\/04\/AdobeStock_45006219_klein-1536x1536.jpg 1536w, https:\/\/www.leitermann.de\/blog\/wp-content\/uploads\/2024\/04\/AdobeStock_45006219_klein-1200x1200.jpg 1200w, https:\/\/www.leitermann.de\/blog\/wp-content\/uploads\/2024\/04\/AdobeStock_45006219_klein.jpg 1654w\" sizes=\"(max-width: 1024px) 100vw, 1024px\" \/><\/figure>\n\n\n\n<h4 class=\"wp-block-heading has-text-align-center\" id=\"feuerschalen-der-besondere-blickfang\">Betonsteine richtig pflegen<\/h4>\n\n\n\n<p class=\"has-text-align-center\">Wir geben dir einfache und effektive Tipps um den Glanz und die Qualit\u00e4t deiner Diephaus Betonsteine zu bewahren. Doch Vorsicht bei zu scharfen Reinigern!<\/p>\n\n\n\n<div class=\"wp-block-buttons is-horizontal is-content-justification-center is-layout-flex wp-container-core-buttons-is-layout-499968f5 wp-block-buttons-is-layout-flex\">\n<div class=\"wp-block-button\"><a class=\"wp-block-button__link wp-element-button\" href=\"https:\/\/www.leitermann.de\/blog\/ratgeber\/garten-freizeit\/pflege-betonsteine-diephaus\/\">Zur Anleitung<\/a><\/div>\n<\/div>\n<\/div>\n\n\n\n<div class=\"wp-block-column has-background is-layout-flow wp-block-column-is-layout-flow\" style=\"background-color:#e3f1e2\">\n<figure class=\"wp-block-image size-full\"><img decoding=\"async\" width=\"1654\" height=\"1654\" src=\"https:\/\/www.leitermann.de\/blog\/wp-content\/uploads\/2024\/04\/people-renovating-house-concept_gefaerbt_klein.jpg\" alt=\"\" class=\"wp-image-4716\" title=\"\" srcset=\"https:\/\/www.leitermann.de\/blog\/wp-content\/uploads\/2024\/04\/people-renovating-house-concept_gefaerbt_klein.jpg 1654w, https:\/\/www.leitermann.de\/blog\/wp-content\/uploads\/2024\/04\/people-renovating-house-concept_gefaerbt_klein-300x300.jpg 300w, https:\/\/www.leitermann.de\/blog\/wp-content\/uploads\/2024\/04\/people-renovating-house-concept_gefaerbt_klein-1024x1024.jpg 1024w, https:\/\/www.leitermann.de\/blog\/wp-content\/uploads\/2024\/04\/people-renovating-house-concept_gefaerbt_klein-150x150.jpg 150w, https:\/\/www.leitermann.de\/blog\/wp-content\/uploads\/2024\/04\/people-renovating-house-concept_gefaerbt_klein-768x768.jpg 768w, https:\/\/www.leitermann.de\/blog\/wp-content\/uploads\/2024\/04\/people-renovating-house-concept_gefaerbt_klein-1536x1536.jpg 1536w, https:\/\/www.leitermann.de\/blog\/wp-content\/uploads\/2024\/04\/people-renovating-house-concept_gefaerbt_klein-1200x1200.jpg 1200w\" sizes=\"(max-width: 1654px) 100vw, 1654px\" \/><\/figure>\n\n\n\n<h4 class=\"wp-block-heading has-text-align-center\" id=\"so-geht-s-tapezieren-von-mustertapeten\">Hol dir den Fachmann ins Haus<\/h4>\n\n\n\n<p class=\"has-text-align-center\">Laminat verlegen, Badm\u00f6bel aufbauen oder einen Waschtisch montieren &#8211; unsere Spezialisten bieten dir eine professionelle und zuverl\u00e4ssige Umsetzung.<\/p>\n\n\n\n<div class=\"wp-block-buttons is-horizontal is-content-justification-center is-layout-flex wp-container-core-buttons-is-layout-499968f5 wp-block-buttons-is-layout-flex\">\n<div class=\"wp-block-button\"><a class=\"wp-block-button__link wp-element-button\" href=\"https:\/\/www.leitermann.de\/blog\/ratgeber\/leitermann-profiservice-hol-dir-den-fachmann-ins-haus\/\">Zum Beitrag <\/a><\/div>\n<\/div>\n<\/div>\n<\/div>\n\n\n\n<div class=\"wp-block-columns alignwide is-layout-flex wp-container-core-columns-is-layout-9d6595d7 wp-block-columns-is-layout-flex\">\n<div class=\"wp-block-column is-layout-flow wp-block-column-is-layout-flow\">\n<div class=\"wp-block-cover is-light has-custom-content-position is-position-top-center\"><span aria-hidden=\"true\" class=\"wp-block-cover__background has-background-dim-100 has-background-dim\" style=\"background-color:#fffbe0\"><\/span><div class=\"wp-block-cover__inner-container is-layout-flow wp-block-cover-is-layout-flow\">\n<figure class=\"wp-block-image size-full\"><img decoding=\"async\" width=\"850\" height=\"622\" src=\"https:\/\/www.leitermann.de\/blog\/wp-content\/uploads\/2023\/03\/palettenhochbeet_09.jpg\" alt=\"\" class=\"wp-image-4058\" title=\"\" srcset=\"https:\/\/www.leitermann.de\/blog\/wp-content\/uploads\/2023\/03\/palettenhochbeet_09.jpg 850w, https:\/\/www.leitermann.de\/blog\/wp-content\/uploads\/2023\/03\/palettenhochbeet_09-300x220.jpg 300w, https:\/\/www.leitermann.de\/blog\/wp-content\/uploads\/2023\/03\/palettenhochbeet_09-768x562.jpg 768w\" sizes=\"(max-width: 850px) 100vw, 850px\" \/><\/figure>\n\n\n\n<h3 class=\"wp-block-heading has-text-align-center has-text-color\" id=\"hartholzer-vorbohren-warum\" style=\"color:#404040\">DIY-Bauanleitung: Hochbeet aus Paletten<\/h3>\n\n\n\n<p class=\"has-text-align-center has-text-color\" style=\"color:#404040\">Eine einfache, stabile und kosteng\u00fcnstige Alternative zu fertigen Baus\u00e4tzen aus Holz, Metall oder Kunststoff ist ein selbstgebautes Paletten-Hochbeet.<\/p>\n\n\n\n<div class=\"wp-block-buttons is-horizontal is-content-justification-center is-layout-flex wp-container-core-buttons-is-layout-499968f5 wp-block-buttons-is-layout-flex\">\n<div class=\"wp-block-button\"><a class=\"wp-block-button__link wp-element-button\" href=\"https:\/\/www.leitermann.de\/blog\/selbermachen\/diy-anleitung-ein-hochbeet-aus-paletten-selbst-bauen\/\">Zur Anleitung<\/a><\/div>\n<\/div>\n\n\n\n<p><\/p>\n<\/div><\/div>\n<\/div>\n\n\n\n<div class=\"wp-block-column is-layout-flow wp-block-column-is-layout-flow\">\n<div class=\"wp-block-cover is-light has-custom-content-position is-position-top-center\"><span aria-hidden=\"true\" class=\"wp-block-cover__background has-background-dim-100 has-background-dim\" style=\"background-color:#fffbe0\"><\/span><div class=\"wp-block-cover__inner-container is-layout-flow wp-block-cover-is-layout-flow\">\n<figure class=\"wp-block-image size-large\"><img decoding=\"async\" width=\"1024\" height=\"768\" src=\"https:\/\/www.leitermann.de\/blog\/wp-content\/uploads\/2023\/04\/AdobeStock_304398267-1024x768.jpeg\" alt=\"Schmetterling im Garten auf einer Bl\u00fcte | Foto: stock.adobe.com\" class=\"wp-image-4141\" title=\"\" srcset=\"https:\/\/www.leitermann.de\/blog\/wp-content\/uploads\/2023\/04\/AdobeStock_304398267-1024x768.jpeg 1024w, https:\/\/www.leitermann.de\/blog\/wp-content\/uploads\/2023\/04\/AdobeStock_304398267-300x225.jpeg 300w, https:\/\/www.leitermann.de\/blog\/wp-content\/uploads\/2023\/04\/AdobeStock_304398267-768x576.jpeg 768w, https:\/\/www.leitermann.de\/blog\/wp-content\/uploads\/2023\/04\/AdobeStock_304398267-1536x1152.jpeg 1536w, https:\/\/www.leitermann.de\/blog\/wp-content\/uploads\/2023\/04\/AdobeStock_304398267-1200x900.jpeg 1200w, https:\/\/www.leitermann.de\/blog\/wp-content\/uploads\/2023\/04\/AdobeStock_304398267.jpeg 1920w\" sizes=\"(max-width: 1024px) 100vw, 1024px\" \/><\/figure>\n\n\n\n<h3 class=\"wp-block-heading has-text-align-center\">Tipps f\u00fcr einen tierfreundlichen Garten<\/h3>\n\n\n\n<p class=\"has-text-align-center has-text-color\" style=\"color:#404040\">Ein Garten ist ein wichtiger Lebensraum f\u00fcr Schmetterlinge, V\u00f6gel, Igel, Insekten aber auch N\u00fctzlinge. Wir geben dir Tipps f\u00fcr einen lebendigen und artenreichen Garten.<\/p>\n\n\n\n<div class=\"wp-block-buttons is-horizontal is-content-justification-center is-layout-flex wp-container-core-buttons-is-layout-499968f5 wp-block-buttons-is-layout-flex\">\n<div class=\"wp-block-button\"><a class=\"wp-block-button__link wp-element-button\" href=\"https:\/\/www.leitermann.de\/blog\/ratgeber\/garten-freizeit\/tiere-im-garten-tipps-fuer-einen-tierfreundlichen-garten\/\">Mehr lesen <\/a><\/div>\n<\/div>\n\n\n\n<p><\/p>\n<\/div><\/div>\n<\/div>\n<\/div>\n\n\n\n<div class=\"wp-block-group alignwide\"><ul id=\"sw6_product_slider\"><a class=\"sw6_product_slider_a\" href=\"https:\/\/www.leitermann.de\/e.p.h.-schmidt-hochbeet-meta-in-out-401-m-seegras-schwarz\/2481331\/\" title=\"Hochbeet Meta In&Out 401 bei leitermann.de g\u00fcnstig kaufen\"><li class=\"sw6_product_slider_li\" align=\"center\"><div class=\"sw6_product_slider_img\" style=\"background: url(https:\/\/www.leitermann.de\/media\/0e\/e4\/b4\/1675116857\/2481331-hochbeet_meta_in_out_401.jpg);\"><\/div><span class=\"sw6_product_slider_title\">E.P.H. Schmidt Hochbeet Meta In&Out 401 - M | seegras\/schwarz<\/span><\/li><\/a><a class=\"sw6_product_slider_a\" href=\"https:\/\/www.leitermann.de\/e.p.h.-schmidt-hochbeet-meta-858-0-seegras-schwarz\/2481321\/\" title=\"Hochbeet Meta bei leitermann.de g\u00fcnstig kaufen\"><li class=\"sw6_product_slider_li\" align=\"center\"><div class=\"sw6_product_slider_img\" style=\"background: url(https:\/\/www.leitermann.de\/media\/44\/48\/0b\/1675116847\/2481321-hochbeet_meta.jpg);\"><\/div><span class=\"sw6_product_slider_title\">E.P.H. Schmidt Hochbeet Meta - 858,0 | seegras\/schwarz<\/span><\/li><\/a><a class=\"sw6_product_slider_a\" href=\"https:\/\/www.leitermann.de\/e.p.h.-schmidt-hochbeet-meta-630-0-seegras-schwarz\/2481319\/\" title=\"Hochbeet Meta bei leitermann.de g\u00fcnstig kaufen\"><li class=\"sw6_product_slider_li\" align=\"center\"><div class=\"sw6_product_slider_img\" style=\"background: url(https:\/\/www.leitermann.de\/media\/e2\/6d\/7f\/1675116842\/2481319-hochbeet_meta.jpg);\"><\/div><span class=\"sw6_product_slider_title\">E.P.H. Schmidt Hochbeet Meta - 630,0 | seegras\/schwarz<\/span><\/li><\/a><a class=\"sw6_product_slider_a\" href=\"https:\/\/www.leitermann.de\/e.p.h.-schmidt-hochbeet-meta-630-0-seegras-alu\/2481320\/\" title=\"Hochbeet Meta bei leitermann.de g\u00fcnstig kaufen\"><li class=\"sw6_product_slider_li\" align=\"center\"><div class=\"sw6_product_slider_img\" style=\"background: url(https:\/\/www.leitermann.de\/media\/8c\/1c\/2a\/1675116844\/2481320-hochbeet_meta.jpg);\"><\/div><span class=\"sw6_product_slider_title\">E.P.H. Schmidt Hochbeet Meta - 630,0 | seegras\/alu<\/span><\/li><\/a><a class=\"sw6_product_slider_a\" href=\"https:\/\/www.leitermann.de\/e.p.h.-schmidt-hochbeet-terra-630-0-seegras\/2481327\/\" title=\"Hochbeet Terra bei leitermann.de g\u00fcnstig kaufen\"><li class=\"sw6_product_slider_li\" align=\"center\"><div class=\"sw6_product_slider_img\" style=\"background: url(https:\/\/www.leitermann.de\/media\/13\/48\/86\/1675116872\/2481327-hochbeet_terra.jpg);\"><\/div><span class=\"sw6_product_slider_title\">E.P.H. Schmidt Hochbeet Terra - 630,0 | seegras<\/span><\/li><\/a><\/ul><\/div>\n\n\n\n<h3 class=\"wp-block-heading\" id=\"aktuellste-beitrage\">Aktuellste Beitr\u00e4ge<\/h3>\n\n\n\n<div style=\"height:20px\" aria-hidden=\"true\" class=\"wp-block-spacer\"><\/div>\n\n\n\n<div class=\"wp-block-columns is-layout-flex wp-container-core-columns-is-layout-9d6595d7 wp-block-columns-is-layout-flex\">\n<div class=\"wp-block-column is-layout-flow wp-block-column-is-layout-flow\" style=\"flex-basis:100%\"><ul class=\"wp-block-latest-posts__list has-dates alignwide wp-block-latest-posts\"><li><div class=\"wp-block-latest-posts__featured-image alignleft\"><img decoding=\"async\" width=\"150\" height=\"150\" src=\"https:\/\/www.leitermann.de\/blog\/wp-content\/uploads\/2026\/04\/akustikpanell-150x150.jpg\" class=\"attachment-thumbnail size-thumbnail wp-post-image\" alt=\"Akustikpanell\" style=\"\" title=\"\"><\/div><a class=\"wp-block-latest-posts__post-title\" href=\"https:\/\/www.leitermann.de\/blog\/ratgeber\/akustikpaneele-aus-holz-fuer-modernes-raumdesign-und-angenehme-klangatmosphaere\/\">Akustikpaneele aus Holz f\u00fcr modernes Raumdesign und angenehme Klangatmosph\u00e4re<\/a><time datetime=\"2026-04-27T22:31:54+02:00\" class=\"wp-block-latest-posts__post-date\">27. April 2026<\/time><\/li>\n<li><div class=\"wp-block-latest-posts__featured-image alignleft\"><img decoding=\"async\" width=\"150\" height=\"150\" src=\"https:\/\/www.leitermann.de\/blog\/wp-content\/uploads\/2026\/04\/AdobeStock_415164810-150x150.jpeg\" class=\"attachment-thumbnail size-thumbnail wp-post-image\" alt=\"Besser schlafen nach dem Renovieren: Wie Raumklima, Boden, Verdunkelung und Mobiliar zusammenwirken\" style=\"\" title=\"\"><\/div><a class=\"wp-block-latest-posts__post-title\" href=\"https:\/\/www.leitermann.de\/blog\/ratgeber\/besser-schlafen-nach-dem-renovieren-wie-raumklima-boden-verdunkelung-und-mobiliar-zusammenwirken\/\">Besser schlafen nach dem Renovieren: Wie Raumklima, Boden, Verdunkelung und Mobiliar zusammenwirken<\/a><time datetime=\"2026-04-22T16:30:42+02:00\" class=\"wp-block-latest-posts__post-date\">22. April 2026<\/time><\/li>\n<li><div class=\"wp-block-latest-posts__featured-image alignleft\"><img decoding=\"async\" width=\"150\" height=\"150\" src=\"https:\/\/www.leitermann.de\/blog\/wp-content\/uploads\/2026\/04\/Baustellen-Orga-Digitale-Materialplanung-und-Zeitmanagement-fuer-Handwerker-2026-150x150.jpg\" class=\"attachment-thumbnail size-thumbnail wp-post-image\" alt=\"Wer im Handwerk t\u00e4tig ist, kennt das Problem: Materialien fehlen genau dann, wenn sie gebraucht werden, Mitarbeiter warten auf Anweisungen, und Zeitpl\u00e4ne geraten aus dem Takt. Eine gut durchdachte Baustellenorganisation im Handwerk entscheidet dar\u00fcber, ob ein Projekt profitabel abgeschlossen wird oder ob Nacharbeit und Mehrkosten die Marge auffressen. Gerade 2026, in einem Marktumfeld mit steigendem Fachkr\u00e4ftemangel und wachsendem Kostendruck, gewinnt die digitale Planung erheblich an Bedeutung. Betriebe, die ihre Baustellen strukturiert organisieren, reagieren schneller auf \u00c4nderungen, reduzieren Leerfahrten und steigern die Kundenzufriedenheit sp\u00fcrbar. Dieser Artikel zeigt, welche konkreten Ans\u00e4tze in der Materialplanung und im Zeitmanagement funktionieren, welche digitalen Werkzeuge Handwerksbetriebe heute nutzen und wie sich typische Fehler in der Baustellenplanung vermeiden lassen.\" style=\"\" title=\"\"><\/div><a class=\"wp-block-latest-posts__post-title\" href=\"https:\/\/www.leitermann.de\/blog\/ratgeber\/baustellen-orga-digitale-materialplanung-und-zeitmanagement-fuer-handwerker-2026\/\">Baustellen-Orga: Digitale Materialplanung und Zeitmanagement f\u00fcr Handwerker 2026<\/a><time datetime=\"2026-04-17T10:46:00+02:00\" class=\"wp-block-latest-posts__post-date\">17. April 2026<\/time><\/li>\n<\/ul><\/div>\n<\/div>\n\n\n\n<p><\/p>\n","protected":false},"excerpt":{"rendered":"<p>Plane dein DIY-Projekt mit LEITERMANN &#8211; deinem Bau- und Gartenmarkt in Sachsen und Th\u00fcringen Do-it-Yourself! Unser Ratgeber f\u00fcr Heimwerker und kreative Selbermacher bietet umfassende Hintergrundinformationen, Praxistipps, inspirative Ideen und Schritt-f\u00fcr-Schritt-Anleitungen. DIY: Vogeltr\u00e4nke selber bauen V\u00f6gel freuen sich an hei\u00dfen Tagen \u00fcber eine Abk\u00fchlung. Mit einer Vogeltr\u00e4nke hilfst du den Tieren in der trockenen Jahreszeit gen\u00fcgend [&hellip;]<\/p>\n","protected":false},"author":1,"featured_media":0,"parent":0,"menu_order":0,"comment_status":"closed","ping_status":"open","template":"","meta":{"footnotes":""},"class_list":["post-2","page","type-page","status-publish","hentry"],"_links":{"self":[{"href":"https:\/\/www.leitermann.de\/blog\/wp-json\/wp\/v2\/pages\/2","targetHints":{"allow":["GET"]}}],"collection":[{"href":"https:\/\/www.leitermann.de\/blog\/wp-json\/wp\/v2\/pages"}],"about":[{"href":"https:\/\/www.leitermann.de\/blog\/wp-json\/wp\/v2\/types\/page"}],"author":[{"embeddable":true,"href":"https:\/\/www.leitermann.de\/blog\/wp-json\/wp\/v2\/users\/1"}],"replies":[{"embeddable":true,"href":"https:\/\/www.leitermann.de\/blog\/wp-json\/wp\/v2\/comments?post=2"}],"version-history":[{"count":229,"href":"https:\/\/www.leitermann.de\/blog\/wp-json\/wp\/v2\/pages\/2\/revisions"}],"predecessor-version":[{"id":4873,"href":"https:\/\/www.leitermann.de\/blog\/wp-json\/wp\/v2\/pages\/2\/revisions\/4873"}],"wp:attachment":[{"href":"https:\/\/www.leitermann.de\/blog\/wp-json\/wp\/v2\/media?parent=2"}],"curies":[{"name":"wp","href":"https:\/\/api.w.org\/{rel}","templated":true}]}}