{"id":20,"date":"2021-08-31T18:43:59","date_gmt":"2021-08-31T16:43:59","guid":{"rendered":"https:\/\/shop2.leitermann.de\/blog\/?page_id=20"},"modified":"2021-08-31T18:43:59","modified_gmt":"2021-08-31T16:43:59","slug":"ueber-uns","status":"publish","type":"page","link":"https:\/\/www.leitermann.de\/blog\/ueber-uns\/","title":{"rendered":"\u00dcber uns"},"content":{"rendered":"\n<p>M\u00f6glicherweise bist du k\u00fcnstlerisch t\u00e4tig und m\u00f6chtest dich und deine Arbeiten hier vorstellen. Oder hast du vielleicht ein Business mit einer Mission, die es zu beschreiben gilt?<\/p>\n","protected":false},"excerpt":{"rendered":"<p>M\u00f6glicherweise bist du k\u00fcnstlerisch t\u00e4tig und m\u00f6chtest dich und deine Arbeiten hier vorstellen. Oder hast du vielleicht ein Business mit einer Mission, die es zu beschreiben gilt?<\/p>\n","protected":false},"author":1,"featured_media":0,"parent":0,"menu_order":0,"comment_status":"closed","ping_status":"closed","template":"","meta":{"footnotes":""},"class_list":["post-20","page","type-page","status-publish","hentry"],"_links":{"self":[{"href":"https:\/\/www.leitermann.de\/blog\/wp-json\/wp\/v2\/pages\/20","targetHints":{"allow":["GET"]}}],"collection":[{"href":"https:\/\/www.leitermann.de\/blog\/wp-json\/wp\/v2\/pages"}],"about":[{"href":"https:\/\/www.leitermann.de\/blog\/wp-json\/wp\/v2\/types\/page"}],"author":[{"embeddable":true,"href":"https:\/\/www.leitermann.de\/blog\/wp-json\/wp\/v2\/users\/1"}],"replies":[{"embeddable":true,"href":"https:\/\/www.leitermann.de\/blog\/wp-json\/wp\/v2\/comments?post=20"}],"version-history":[{"count":1,"href":"https:\/\/www.leitermann.de\/blog\/wp-json\/wp\/v2\/pages\/20\/revisions"}],"predecessor-version":[{"id":25,"href":"https:\/\/www.leitermann.de\/blog\/wp-json\/wp\/v2\/pages\/20\/revisions\/25"}],"wp:attachment":[{"href":"https:\/\/www.leitermann.de\/blog\/wp-json\/wp\/v2\/media?parent=20"}],"curies":[{"name":"wp","href":"https:\/\/api.w.org\/{rel}","templated":true}]}}