
{"id":128,"date":"2020-02-18T07:58:15","date_gmt":"2020-02-18T06:58:15","guid":{"rendered":"https:\/\/www.leitermann.de\/maehroboter\/?page_id=128"},"modified":"2022-02-22T17:16:04","modified_gmt":"2022-02-22T16:16:04","slug":"maehroboter-service-installation","status":"publish","type":"page","link":"https:\/\/www.leitermann.de\/maehroboter\/maehroboter-service-installation\/","title":{"rendered":"M\u00e4hroboter-Service"},"content":{"rendered":"\t\t<div data-elementor-type=\"wp-page\" data-elementor-id=\"128\" class=\"elementor elementor-128\">\n\t\t\t\t\t\t<section class=\"elementor-section elementor-top-section elementor-element elementor-element-f463ffb elementor-section-stretched elementor-section-boxed elementor-section-height-default elementor-section-height-default\" data-id=\"f463ffb\" data-element_type=\"section\" data-e-type=\"section\" data-settings=\"{&quot;stretch_section&quot;:&quot;section-stretched&quot;}\">\n\t\t\t\t\t\t<div class=\"elementor-container elementor-column-gap-default\">\n\t\t\t\t\t<div class=\"elementor-column elementor-col-100 elementor-top-column elementor-element elementor-element-2a898e\" data-id=\"2a898e\" data-element_type=\"column\" data-e-type=\"column\">\n\t\t\t<div class=\"elementor-widget-wrap elementor-element-populated\">\n\t\t\t\t\t\t<div class=\"elementor-element elementor-element-c9cf886 elementor-widget elementor-widget-heading\" data-id=\"c9cf886\" data-element_type=\"widget\" data-e-type=\"widget\" data-widget_type=\"heading.default\">\n\t\t\t\t<div class=\"elementor-widget-container\">\n\t\t\t\t\t<h1 class=\"elementor-heading-title elementor-size-default\">Installation - so viel Service bietet nur Leitermann<\/h1>\t\t\t\t<\/div>\n\t\t\t\t<\/div>\n\t\t\t\t\t<\/div>\n\t\t<\/div>\n\t\t\t\t\t<\/div>\n\t\t<\/section>\n\t\t\t\t<section class=\"elementor-section elementor-top-section elementor-element elementor-element-12a18840 elementor-section-stretched elementor-section-boxed elementor-section-height-default elementor-section-height-default\" data-id=\"12a18840\" data-element_type=\"section\" data-e-type=\"section\" data-settings=\"{&quot;stretch_section&quot;:&quot;section-stretched&quot;}\">\n\t\t\t\t\t\t<div class=\"elementor-container elementor-column-gap-default\">\n\t\t\t\t\t<div class=\"elementor-column elementor-col-100 elementor-top-column elementor-element elementor-element-5d26e468\" data-id=\"5d26e468\" data-element_type=\"column\" data-e-type=\"column\">\n\t\t\t<div class=\"elementor-widget-wrap elementor-element-populated\">\n\t\t\t\t\t\t<div class=\"elementor-element elementor-element-14f1927 elementor-hidden-tablet elementor-widget elementor-widget-image\" data-id=\"14f1927\" data-element_type=\"widget\" data-e-type=\"widget\" data-widget_type=\"image.default\">\n\t\t\t\t<div class=\"elementor-widget-container\">\n\t\t\t\t\t\t\t\t\t\t\t\t\t\t\t<img decoding=\"async\" src=\"https:\/\/www.leitermann.de\/maehroboter\/wp-content\/uploads\/elementor\/thumbs\/17396_Maehroboter_online_ok1920x1440-Kachel-4-q0r6xi2lvbc9ef6ecc0vsn7phxcjxo5fw8btkogao0.jpg\" title=\"17396_Maehroboter_online_ok1920x1440 Kachel 4\" alt=\"17396_Maehroboter_online_ok1920x1440 Kachel 4\" loading=\"lazy\" \/>\t\t\t\t\t\t\t\t\t\t\t\t\t\t\t<\/div>\n\t\t\t\t<\/div>\n\t\t\t\t<div class=\"elementor-element elementor-element-324376f elementor-hidden-desktop elementor-hidden-phone elementor-widget elementor-widget-image\" data-id=\"324376f\" data-element_type=\"widget\" data-e-type=\"widget\" data-widget_type=\"image.default\">\n\t\t\t\t<div class=\"elementor-widget-container\">\n\t\t\t\t\t\t\t\t\t\t\t\t\t\t\t<img decoding=\"async\" src=\"https:\/\/www.leitermann.de\/maehroboter\/wp-content\/uploads\/elementor\/thumbs\/17396_Maehroboter_online_ok1920x1440-Kachel-4-q0r6xi2chmn3hj9xl0t650pb36mduo83qkydzml7hc.jpg\" title=\"17396_Maehroboter_online_ok1920x1440 Kachel 4\" alt=\"17396_Maehroboter_online_ok1920x1440 Kachel 4\" loading=\"lazy\" \/>\t\t\t\t\t\t\t\t\t\t\t\t\t\t\t<\/div>\n\t\t\t\t<\/div>\n\t\t\t\t<div class=\"elementor-element elementor-element-546aba9 elementor-widget elementor-widget-be-timeline\" data-id=\"546aba9\" data-element_type=\"widget\" data-e-type=\"widget\" data-widget_type=\"be-timeline.default\">\n\t\t\t\t<div class=\"elementor-widget-container\">\n\t\t\t\t\t<ul class=\"be-pack timeline \"><li class=\"timeline-inverted\"> \n\t\t\t<div class=\"tl-circ\"><\/div>\n\t\t <div class=\"timeline-panel\">\n\t\t   <div class=\"tl-heading\">\n\t\t\t <div class=\"tl-content\">\n\n\t\t\t    \n\t\t\t\t\t\t\n\t\t\t\t\t\t<div class=\"be-desc\">\n\t\t\t\t\t\t\t<h2 class=\"be-title\">Kontakt<\/h2>\t\t\t\t\t\t\t<div class=\"be-content\"><p>Du nimmst mit unseren Beratern Kontakt auf und l\u00e4sst dir auf Basis deiner Angaben ein <span style=\"color: #007f3f\"><strong>kostenloses und unverbindliches Angebot<\/strong><\/span> erstellen.<\/p><p style=\"text-align: center\"><a href=\"https:\/\/www.leitermann.de\/maehroboter\/maehroboter-berater-2\/\" target=\"_blank\" rel=\"noopener\">Hier Berater kontaktieren<\/a><\/p><\/div>\t\t\t\t\t\t<\/div>\n\n\t\t\t\t\t\n\t\t\t\t<\/div>\n\n\t\t\t<\/div>\n\t\t<\/div>\n\t\t\t<\/li>\n\t\t\t<li class=\"timeline-right\"> \n\t\t\t<div class=\"tl-circ\"><\/div>\n\t\t <div class=\"timeline-panel\">\n\t\t   <div class=\"tl-heading\">\n\t\t\t <div class=\"tl-content\">\n\n\t\t\t    \n\t\t\t\t\t\t\n\t\t\t\t\t\t<div class=\"be-desc\">\n\t\t\t\t\t\t\t<h2 class=\"be-title\">Ger\u00e4te-Auswahl<\/h2>\t\t\t\t\t\t\t<div class=\"be-content\"><p>In dem Angebot enthalten ist eine M\u00e4hroboter der genau auf die Bed\u00fcrfnisse des von dir zu m\u00e4henden Bereiches abgestimmt ist.<\/p><p style=\"text-align: center\"><a href=\"https:\/\/www.leitermann.de\/maehroboter\/maehroboter-information\/\" target=\"_blank\" rel=\"noopener\">zur Ger\u00e4te-Information<\/a><\/p><\/div>\t\t\t\t\t\t<\/div>\n\n\t\t\t\t\t\n\t\t\t\t<\/div>\n\n\t\t\t<\/div>\n\t\t<\/div>\n\t\t\t<\/li>\n\t\t\t<li class=\"timeline-inverted\"> \n\t\t\t<div class=\"tl-circ\"><\/div>\n\t\t <div class=\"timeline-panel\">\n\t\t   <div class=\"tl-heading\">\n\t\t\t <div class=\"tl-content\">\n\n\t\t\t    \n\t\t\t\t\t\t\n\t\t\t\t\t\t<div class=\"be-desc\">\n\t\t\t\t\t\t\t<h2 class=\"be-title\">Lieferung<\/h2>\t\t\t\t\t\t\t<div class=\"be-content\"><p>Leitermann liefert <span style=\"color: #007f3f\"><strong>kostenfrei<\/strong><\/span>* dein M\u00e4hroboter-Gesamtpaket f\u00fcr dich an.<br \/><span style=\"font-size: small\">*gilt bis zu einer Entfernung von 30 km rund um jede Leitermann-Filiale<\/span><\/p><\/div>\t\t\t\t\t\t<\/div>\n\n\t\t\t\t\t\n\t\t\t\t<\/div>\n\n\t\t\t<\/div>\n\t\t<\/div>\n\t\t\t<\/li>\n\t\t\t<li class=\"timeline-right\"> \n\t\t\t<div class=\"tl-circ\"><\/div>\n\t\t <div class=\"timeline-panel\">\n\t\t   <div class=\"tl-heading\">\n\t\t\t <div class=\"tl-content\">\n\n\t\t\t    \n\t\t\t\t\t\t\n\t\t\t\t\t\t<div class=\"be-desc\">\n\t\t\t\t\t\t\t<h2 class=\"be-title\">Installation vom Profi<\/h2>\t\t\t\t\t\t\t<div class=\"be-content\"><p>Aufbau der Ladestation am vorgesehenen Platz.<\/p><hr \/><p>Das Begrenzungskabel wird mit rasenschonender Technik unterirdisch verlegt.<\/p><hr \/><p>Wenn erforderlich entfernen vorhandener alter Baumst\u00fcmpfe mittels Stubbenfr\u00e4se.<img fetchpriority=\"high\" decoding=\"async\" class=\"aligncenter wp-image-2357\" src=\"https:\/\/www.leitermann.de\/maehroboter\/wp-content\/uploads\/2021\/05\/IMG-20200227-WA0013-1024x768.jpg\" alt=\"Baumstubbenfr\u00e4se\" width=\"500\" height=\"375\" srcset=\"https:\/\/www.leitermann.de\/maehroboter\/wp-content\/uploads\/2021\/05\/IMG-20200227-WA0013-1024x768.jpg 1024w, https:\/\/www.leitermann.de\/maehroboter\/wp-content\/uploads\/2021\/05\/IMG-20200227-WA0013-300x225.jpg 300w, https:\/\/www.leitermann.de\/maehroboter\/wp-content\/uploads\/2021\/05\/IMG-20200227-WA0013-768x576.jpg 768w, https:\/\/www.leitermann.de\/maehroboter\/wp-content\/uploads\/2021\/05\/IMG-20200227-WA0013-1536x1152.jpg 1536w, https:\/\/www.leitermann.de\/maehroboter\/wp-content\/uploads\/2021\/05\/IMG-20200227-WA0013-540x405.jpg 540w, https:\/\/www.leitermann.de\/maehroboter\/wp-content\/uploads\/2021\/05\/IMG-20200227-WA0013-1080x810.jpg 1080w, https:\/\/www.leitermann.de\/maehroboter\/wp-content\/uploads\/2021\/05\/IMG-20200227-WA0013.jpg 1600w\" sizes=\"(max-width: 500px) 100vw, 500px\" \/><\/p><p>\u00a0<\/p><hr \/><p>Anschluss des Begrenzungskabels und der Stromzufuhr an der Ladestation.<\/p><\/div>\t\t\t\t\t\t<\/div>\n\n\t\t\t\t\t\n\t\t\t\t<\/div>\n\n\t\t\t<\/div>\n\t\t<\/div>\n\t\t\t<\/li>\n\t\t\t<li class=\"timeline-inverted\"> \n\t\t\t<div class=\"tl-circ\"><\/div>\n\t\t <div class=\"timeline-panel\">\n\t\t   <div class=\"tl-heading\">\n\t\t\t <div class=\"tl-content\">\n\n\t\t\t    \n\t\t\t\t\t\t\n\t\t\t\t\t\t<div class=\"be-desc\">\n\t\t\t\t\t\t\t<h2 class=\"be-title\">Testlauf &amp; Handhabung<\/h2>\t\t\t\t\t\t\t<div class=\"be-content\"><p>Inbetriebnahme und Testlauf mit anschlie\u00dfender Erstprogrammierung nach deinen W\u00fcnschen.<\/p><hr \/><p>Du erh\u00e4lst eine ausf\u00fchrliche Einweisung in die Bedienung des Ger\u00e4tes.<\/p><\/div>\t\t\t\t\t\t<\/div>\n\n\t\t\t\t\t\n\t\t\t\t<\/div>\n\n\t\t\t<\/div>\n\t\t<\/div>\n\t\t\t<\/li>\n\t\t\t \n      <\/ul>\n\n\t\t\t\t\t<\/div>\n\t\t\t\t<\/div>\n\t\t\t\t<div class=\"elementor-element elementor-element-d9e8c99 elementor-align-center elementor-hidden-tablet elementor-hidden-phone elementor-widget elementor-widget-button\" data-id=\"d9e8c99\" data-element_type=\"widget\" data-e-type=\"widget\" data-widget_type=\"button.default\">\n\t\t\t\t<div class=\"elementor-widget-container\">\n\t\t\t\t\t\t\t\t\t<div class=\"elementor-button-wrapper\">\n\t\t\t\t\t<a class=\"elementor-button elementor-button-link elementor-size-xl\" href=\"https:\/\/www.leitermann.de\/maehroboter\/maehroboter-berater-2\/\">\n\t\t\t\t\t\t<span class=\"elementor-button-content-wrapper\">\n\t\t\t\t\t\t<span class=\"elementor-button-icon\">\n\t\t\t\t<i aria-hidden=\"true\" class=\"fas fa-calculator\"><\/i>\t\t\t<\/span>\n\t\t\t\t\t\t\t\t\t<span class=\"elementor-button-text\">Jetzt <b>kostenloses &amp; unverbindliches Angebot <\/b>anfordern!<\/span>\n\t\t\t\t\t<\/span>\n\t\t\t\t\t<\/a>\n\t\t\t\t<\/div>\n\t\t\t\t\t\t\t\t<\/div>\n\t\t\t\t<\/div>\n\t\t\t\t<div class=\"elementor-element elementor-element-fa256cb elementor-align-center elementor-hidden-desktop elementor-widget elementor-widget-button\" data-id=\"fa256cb\" data-element_type=\"widget\" data-e-type=\"widget\" data-widget_type=\"button.default\">\n\t\t\t\t<div class=\"elementor-widget-container\">\n\t\t\t\t\t\t\t\t\t<div class=\"elementor-button-wrapper\">\n\t\t\t\t\t<a class=\"elementor-button elementor-button-link elementor-size-xl\" href=\"https:\/\/www.leitermann.de\/maehroboter\/maehroboter-berater-2\/\">\n\t\t\t\t\t\t<span class=\"elementor-button-content-wrapper\">\n\t\t\t\t\t\t<span class=\"elementor-button-icon\">\n\t\t\t\t<i aria-hidden=\"true\" class=\"fas fa-calculator\"><\/i>\t\t\t<\/span>\n\t\t\t\t\t\t\t\t\t<span class=\"elementor-button-text\">Jetzt <b>kostenloses &amp; unverbindliches Angebot <\/b>anfordern!<\/span>\n\t\t\t\t\t<\/span>\n\t\t\t\t\t<\/a>\n\t\t\t\t<\/div>\n\t\t\t\t\t\t\t\t<\/div>\n\t\t\t\t<\/div>\n\t\t\t\t<div class=\"elementor-element elementor-element-cd10bdc elementor-widget elementor-widget-video\" data-id=\"cd10bdc\" data-element_type=\"widget\" data-e-type=\"widget\" data-settings=\"{&quot;youtube_url&quot;:&quot;https:\\\/\\\/www.youtube.com\\\/watch?v=jOhx73ZeSUU&quot;,&quot;yt_privacy&quot;:&quot;yes&quot;,&quot;video_type&quot;:&quot;youtube&quot;,&quot;controls&quot;:&quot;yes&quot;}\" data-widget_type=\"video.default\">\n\t\t\t\t<div class=\"elementor-widget-container\">\n\t\t\t\t\t\t\t<div class=\"elementor-wrapper elementor-open-inline\">\n\t\t\t<div class=\"elementor-video\"><\/div>\t\t<\/div>\n\t\t\t\t\t\t<\/div>\n\t\t\t\t<\/div>\n\t\t\t\t\t<\/div>\n\t\t<\/div>\n\t\t\t\t\t<\/div>\n\t\t<\/section>\n\t\t\t\t<\/div>\n\t\t","protected":false},"excerpt":{"rendered":"<p>Installation &#8211; so viel Service bietet nur Leitermann Kontakt Du nimmst mit unseren Beratern Kontakt auf und l\u00e4sst dir auf Basis deiner Angaben ein kostenloses und unverbindliches Angebot&hellip;<\/p>\n","protected":false},"author":1,"featured_media":77,"parent":0,"menu_order":0,"comment_status":"closed","ping_status":"closed","template":"elementor_header_footer","meta":{"footnotes":""},"class_list":["post-128","page","type-page","status-publish","has-post-thumbnail","hentry"],"yoast_head":"<!-- This site is optimized with the Yoast SEO plugin v26.9 - https:\/\/yoast.com\/product\/yoast-seo-wordpress\/ -->\n<title>M\u00e4hroboter Installation vom Profi &amp; Service vor Ort - Sachsen &amp; Th\u00fcringen<\/title>\n<meta name=\"description\" content=\"Von der Ger\u00e4te-Auswahl \u00fcber Lieferung, Installation vom Profi bis zum Testlauf &amp; Handhabung begleiten wir Sie gerne. \u2713 Wir sind regionaler Service-Partner.\" \/>\n<meta name=\"robots\" content=\"index, follow, max-snippet:-1, max-image-preview:large, max-video-preview:-1\" \/>\n<link rel=\"canonical\" href=\"https:\/\/www.leitermann.de\/maehroboter\/maehroboter-service-installation\/\" \/>\n<meta property=\"og:locale\" content=\"de_DE\" \/>\n<meta property=\"og:type\" content=\"article\" \/>\n<meta property=\"og:title\" content=\"M\u00e4hroboter Installation vom Profi &amp; Service vor Ort - Sachsen &amp; Th\u00fcringen\" \/>\n<meta property=\"og:description\" content=\"Von der Ger\u00e4te-Auswahl \u00fcber Lieferung, Installation vom Profi bis zum Testlauf &amp; Handhabung begleiten wir Sie gerne. \u2713 Wir sind regionaler Service-Partner.\" \/>\n<meta property=\"og:url\" content=\"https:\/\/www.leitermann.de\/maehroboter\/maehroboter-service-installation\/\" \/>\n<meta property=\"og:site_name\" content=\"M\u00e4hroboter von Leitermann\" \/>\n<meta property=\"article:modified_time\" content=\"2022-02-22T16:16:04+00:00\" \/>\n<meta property=\"og:image\" content=\"https:\/\/www.leitermann.de\/maehroboter\/wp-content\/uploads\/2020\/02\/JPEG-1920x1440_MI-RMI632-AW-006.jpg\" \/>\n\t<meta property=\"og:image:width\" content=\"1780\" \/>\n\t<meta property=\"og:image:height\" content=\"1000\" \/>\n\t<meta property=\"og:image:type\" content=\"image\/jpeg\" \/>\n<meta name=\"twitter:card\" content=\"summary_large_image\" \/>\n<meta name=\"twitter:label1\" content=\"Gesch\u00e4tzte Lesezeit\" \/>\n\t<meta name=\"twitter:data1\" content=\"2\u00a0Minuten\" \/>\n<script type=\"application\/ld+json\" class=\"yoast-schema-graph\">{\"@context\":\"https:\/\/schema.org\",\"@graph\":[{\"@type\":\"WebPage\",\"@id\":\"https:\/\/www.leitermann.de\/maehroboter\/maehroboter-service-installation\/\",\"url\":\"https:\/\/www.leitermann.de\/maehroboter\/maehroboter-service-installation\/\",\"name\":\"M\u00e4hroboter Installation vom Profi & Service vor Ort - Sachsen & Th\u00fcringen\",\"isPartOf\":{\"@id\":\"https:\/\/www.leitermann.de\/maehroboter\/#website\"},\"primaryImageOfPage\":{\"@id\":\"https:\/\/www.leitermann.de\/maehroboter\/maehroboter-service-installation\/#primaryimage\"},\"image\":{\"@id\":\"https:\/\/www.leitermann.de\/maehroboter\/maehroboter-service-installation\/#primaryimage\"},\"thumbnailUrl\":\"https:\/\/www.leitermann.de\/maehroboter\/wp-content\/uploads\/2020\/02\/JPEG-1920x1440_MI-RMI632-AW-006.jpg\",\"datePublished\":\"2020-02-18T06:58:15+00:00\",\"dateModified\":\"2022-02-22T16:16:04+00:00\",\"description\":\"Von der Ger\u00e4te-Auswahl \u00fcber Lieferung, Installation vom Profi bis zum Testlauf & Handhabung begleiten wir Sie gerne. \u2713 Wir sind regionaler Service-Partner.\",\"breadcrumb\":{\"@id\":\"https:\/\/www.leitermann.de\/maehroboter\/maehroboter-service-installation\/#breadcrumb\"},\"inLanguage\":\"de\",\"potentialAction\":[{\"@type\":\"ReadAction\",\"target\":[\"https:\/\/www.leitermann.de\/maehroboter\/maehroboter-service-installation\/\"]}]},{\"@type\":\"ImageObject\",\"inLanguage\":\"de\",\"@id\":\"https:\/\/www.leitermann.de\/maehroboter\/maehroboter-service-installation\/#primaryimage\",\"url\":\"https:\/\/www.leitermann.de\/maehroboter\/wp-content\/uploads\/2020\/02\/JPEG-1920x1440_MI-RMI632-AW-006.jpg\",\"contentUrl\":\"https:\/\/www.leitermann.de\/maehroboter\/wp-content\/uploads\/2020\/02\/JPEG-1920x1440_MI-RMI632-AW-006.jpg\",\"width\":1780,\"height\":1000},{\"@type\":\"BreadcrumbList\",\"@id\":\"https:\/\/www.leitermann.de\/maehroboter\/maehroboter-service-installation\/#breadcrumb\",\"itemListElement\":[{\"@type\":\"ListItem\",\"position\":1,\"name\":\"Startseite\",\"item\":\"https:\/\/www.leitermann.de\/maehroboter\/\"},{\"@type\":\"ListItem\",\"position\":2,\"name\":\"M\u00e4hroboter-Service\"}]},{\"@type\":\"WebSite\",\"@id\":\"https:\/\/www.leitermann.de\/maehroboter\/#website\",\"url\":\"https:\/\/www.leitermann.de\/maehroboter\/\",\"name\":\"M\u00e4hroboter von Leitermann\",\"description\":\"M\u00e4hroboter in Sachsen und Th\u00fcringen\",\"publisher\":{\"@id\":\"https:\/\/www.leitermann.de\/maehroboter\/#organization\"},\"potentialAction\":[{\"@type\":\"SearchAction\",\"target\":{\"@type\":\"EntryPoint\",\"urlTemplate\":\"https:\/\/www.leitermann.de\/maehroboter\/?s={search_term_string}\"},\"query-input\":{\"@type\":\"PropertyValueSpecification\",\"valueRequired\":true,\"valueName\":\"search_term_string\"}}],\"inLanguage\":\"de\"},{\"@type\":\"Organization\",\"@id\":\"https:\/\/www.leitermann.de\/maehroboter\/#organization\",\"name\":\"M\u00e4hroboter von Leitermann\",\"url\":\"https:\/\/www.leitermann.de\/maehroboter\/\",\"logo\":{\"@type\":\"ImageObject\",\"inLanguage\":\"de\",\"@id\":\"https:\/\/www.leitermann.de\/maehroboter\/#\/schema\/logo\/image\/\",\"url\":\"https:\/\/www.leitermann.de\/maehroboter\/wp-content\/uploads\/2022\/02\/LEITERMANN_Primaermarke_RGB_neu.png\",\"contentUrl\":\"https:\/\/www.leitermann.de\/maehroboter\/wp-content\/uploads\/2022\/02\/LEITERMANN_Primaermarke_RGB_neu.png\",\"width\":1537,\"height\":404,\"caption\":\"M\u00e4hroboter von Leitermann\"},\"image\":{\"@id\":\"https:\/\/www.leitermann.de\/maehroboter\/#\/schema\/logo\/image\/\"}}]}<\/script>\n<!-- \/ Yoast SEO plugin. -->","yoast_head_json":{"title":"M\u00e4hroboter Installation vom Profi & Service vor Ort - Sachsen & Th\u00fcringen","description":"Von der Ger\u00e4te-Auswahl \u00fcber Lieferung, Installation vom Profi bis zum Testlauf & Handhabung begleiten wir Sie gerne. \u2713 Wir sind regionaler Service-Partner.","robots":{"index":"index","follow":"follow","max-snippet":"max-snippet:-1","max-image-preview":"max-image-preview:large","max-video-preview":"max-video-preview:-1"},"canonical":"https:\/\/www.leitermann.de\/maehroboter\/maehroboter-service-installation\/","og_locale":"de_DE","og_type":"article","og_title":"M\u00e4hroboter Installation vom Profi & Service vor Ort - Sachsen & Th\u00fcringen","og_description":"Von der Ger\u00e4te-Auswahl \u00fcber Lieferung, Installation vom Profi bis zum Testlauf & Handhabung begleiten wir Sie gerne. \u2713 Wir sind regionaler Service-Partner.","og_url":"https:\/\/www.leitermann.de\/maehroboter\/maehroboter-service-installation\/","og_site_name":"M\u00e4hroboter von Leitermann","article_modified_time":"2022-02-22T16:16:04+00:00","og_image":[{"width":1780,"height":1000,"url":"https:\/\/www.leitermann.de\/maehroboter\/wp-content\/uploads\/2020\/02\/JPEG-1920x1440_MI-RMI632-AW-006.jpg","type":"image\/jpeg"}],"twitter_card":"summary_large_image","twitter_misc":{"Gesch\u00e4tzte Lesezeit":"2\u00a0Minuten"},"schema":{"@context":"https:\/\/schema.org","@graph":[{"@type":"WebPage","@id":"https:\/\/www.leitermann.de\/maehroboter\/maehroboter-service-installation\/","url":"https:\/\/www.leitermann.de\/maehroboter\/maehroboter-service-installation\/","name":"M\u00e4hroboter Installation vom Profi & Service vor Ort - Sachsen & Th\u00fcringen","isPartOf":{"@id":"https:\/\/www.leitermann.de\/maehroboter\/#website"},"primaryImageOfPage":{"@id":"https:\/\/www.leitermann.de\/maehroboter\/maehroboter-service-installation\/#primaryimage"},"image":{"@id":"https:\/\/www.leitermann.de\/maehroboter\/maehroboter-service-installation\/#primaryimage"},"thumbnailUrl":"https:\/\/www.leitermann.de\/maehroboter\/wp-content\/uploads\/2020\/02\/JPEG-1920x1440_MI-RMI632-AW-006.jpg","datePublished":"2020-02-18T06:58:15+00:00","dateModified":"2022-02-22T16:16:04+00:00","description":"Von der Ger\u00e4te-Auswahl \u00fcber Lieferung, Installation vom Profi bis zum Testlauf & Handhabung begleiten wir Sie gerne. \u2713 Wir sind regionaler Service-Partner.","breadcrumb":{"@id":"https:\/\/www.leitermann.de\/maehroboter\/maehroboter-service-installation\/#breadcrumb"},"inLanguage":"de","potentialAction":[{"@type":"ReadAction","target":["https:\/\/www.leitermann.de\/maehroboter\/maehroboter-service-installation\/"]}]},{"@type":"ImageObject","inLanguage":"de","@id":"https:\/\/www.leitermann.de\/maehroboter\/maehroboter-service-installation\/#primaryimage","url":"https:\/\/www.leitermann.de\/maehroboter\/wp-content\/uploads\/2020\/02\/JPEG-1920x1440_MI-RMI632-AW-006.jpg","contentUrl":"https:\/\/www.leitermann.de\/maehroboter\/wp-content\/uploads\/2020\/02\/JPEG-1920x1440_MI-RMI632-AW-006.jpg","width":1780,"height":1000},{"@type":"BreadcrumbList","@id":"https:\/\/www.leitermann.de\/maehroboter\/maehroboter-service-installation\/#breadcrumb","itemListElement":[{"@type":"ListItem","position":1,"name":"Startseite","item":"https:\/\/www.leitermann.de\/maehroboter\/"},{"@type":"ListItem","position":2,"name":"M\u00e4hroboter-Service"}]},{"@type":"WebSite","@id":"https:\/\/www.leitermann.de\/maehroboter\/#website","url":"https:\/\/www.leitermann.de\/maehroboter\/","name":"M\u00e4hroboter von Leitermann","description":"M\u00e4hroboter in Sachsen und Th\u00fcringen","publisher":{"@id":"https:\/\/www.leitermann.de\/maehroboter\/#organization"},"potentialAction":[{"@type":"SearchAction","target":{"@type":"EntryPoint","urlTemplate":"https:\/\/www.leitermann.de\/maehroboter\/?s={search_term_string}"},"query-input":{"@type":"PropertyValueSpecification","valueRequired":true,"valueName":"search_term_string"}}],"inLanguage":"de"},{"@type":"Organization","@id":"https:\/\/www.leitermann.de\/maehroboter\/#organization","name":"M\u00e4hroboter von Leitermann","url":"https:\/\/www.leitermann.de\/maehroboter\/","logo":{"@type":"ImageObject","inLanguage":"de","@id":"https:\/\/www.leitermann.de\/maehroboter\/#\/schema\/logo\/image\/","url":"https:\/\/www.leitermann.de\/maehroboter\/wp-content\/uploads\/2022\/02\/LEITERMANN_Primaermarke_RGB_neu.png","contentUrl":"https:\/\/www.leitermann.de\/maehroboter\/wp-content\/uploads\/2022\/02\/LEITERMANN_Primaermarke_RGB_neu.png","width":1537,"height":404,"caption":"M\u00e4hroboter von Leitermann"},"image":{"@id":"https:\/\/www.leitermann.de\/maehroboter\/#\/schema\/logo\/image\/"}}]}},"_links":{"self":[{"href":"https:\/\/www.leitermann.de\/maehroboter\/wp-json\/wp\/v2\/pages\/128","targetHints":{"allow":["GET"]}}],"collection":[{"href":"https:\/\/www.leitermann.de\/maehroboter\/wp-json\/wp\/v2\/pages"}],"about":[{"href":"https:\/\/www.leitermann.de\/maehroboter\/wp-json\/wp\/v2\/types\/page"}],"author":[{"embeddable":true,"href":"https:\/\/www.leitermann.de\/maehroboter\/wp-json\/wp\/v2\/users\/1"}],"replies":[{"embeddable":true,"href":"https:\/\/www.leitermann.de\/maehroboter\/wp-json\/wp\/v2\/comments?post=128"}],"version-history":[{"count":0,"href":"https:\/\/www.leitermann.de\/maehroboter\/wp-json\/wp\/v2\/pages\/128\/revisions"}],"wp:featuredmedia":[{"embeddable":true,"href":"https:\/\/www.leitermann.de\/maehroboter\/wp-json\/wp\/v2\/media\/77"}],"wp:attachment":[{"href":"https:\/\/www.leitermann.de\/maehroboter\/wp-json\/wp\/v2\/media?parent=128"}],"curies":[{"name":"wp","href":"https:\/\/api.w.org\/{rel}","templated":true}]}}