
{"id":2336,"date":"2021-05-03T15:08:17","date_gmt":"2021-05-03T13:08:17","guid":{"rendered":"https:\/\/www.leitermann.de\/maehroboter\/?page_id=2336"},"modified":"2022-03-08T17:22:29","modified_gmt":"2022-03-08T16:22:29","slug":"filialanfrage","status":"publish","type":"page","link":"https:\/\/www.leitermann.de\/maehroboter\/filialanfrage\/","title":{"rendered":"Filialanfrage Besichtigung"},"content":{"rendered":"\t\t<div data-elementor-type=\"wp-page\" data-elementor-id=\"2336\" class=\"elementor elementor-2336\">\n\t\t\t\t\t\t<section class=\"elementor-section elementor-top-section elementor-element elementor-element-c66e9ba elementor-section-full_width elementor-hidden-tablet elementor-hidden-phone elementor-section-height-default elementor-section-height-default\" data-id=\"c66e9ba\" data-element_type=\"section\" data-e-type=\"section\">\n\t\t\t\t\t\t<div class=\"elementor-container elementor-column-gap-default\">\n\t\t\t\t\t<div class=\"elementor-column elementor-col-100 elementor-top-column elementor-element elementor-element-6046350\" data-id=\"6046350\" data-element_type=\"column\" data-e-type=\"column\">\n\t\t\t<div class=\"elementor-widget-wrap elementor-element-populated\">\n\t\t\t\t\t\t<div class=\"elementor-element elementor-element-bbb9868 elementor-widget elementor-widget-shortcode\" data-id=\"bbb9868\" data-element_type=\"widget\" data-e-type=\"widget\" data-widget_type=\"shortcode.default\">\n\t\t\t\t<div class=\"elementor-widget-container\">\n\t\t\t\t\t\t\t<div class=\"elementor-shortcode\"><div class=\"wpforms-container \" id=\"wpforms-2626\"><form id=\"wpforms-form-2626\" class=\"wpforms-validate wpforms-form\" data-formid=\"2626\" method=\"post\" enctype=\"multipart\/form-data\" action=\"\/maehroboter\/wp-json\/wp\/v2\/pages\/2336\" data-token=\"4af4aada71067c628160ab9435521a9d\" data-token-time=\"1775247298\"><div class=\"wpforms-head-container\"><div class=\"wpforms-title\">Filialanfrage Angebot M\u00e4hroboter<\/div><div class=\"wpforms-description\">* = Pflichtfelder<\/div><\/div><noscript class=\"wpforms-error-noscript\">Bitte aktiviere JavaScript in deinem Browser, um dieses Formular fertigzustellen.<\/noscript><div class=\"wpforms-field-container\"><div id=\"wpforms-2626-field_0-container\" class=\"wpforms-field wpforms-field-name\" data-field-id=\"0\"><label class=\"wpforms-field-label\">Name <span class=\"wpforms-required-label\">*<\/span><\/label><div class=\"wpforms-field-row wpforms-field-medium\"><div class=\"wpforms-field-row-block wpforms-first wpforms-one-half\"><input type=\"text\" id=\"wpforms-2626-field_0\" class=\"wpforms-field-name-first wpforms-field-required\" name=\"wpforms[fields][0][first]\" required><label for=\"wpforms-2626-field_0\" class=\"wpforms-field-sublabel after\">Vorname<\/label><\/div><div class=\"wpforms-field-row-block wpforms-one-half\"><input type=\"text\" id=\"wpforms-2626-field_0-last\" class=\"wpforms-field-name-last wpforms-field-required\" name=\"wpforms[fields][0][last]\" required><label for=\"wpforms-2626-field_0-last\" class=\"wpforms-field-sublabel after\">Nachname<\/label><\/div><\/div><\/div><div id=\"wpforms-2626-field_30-container\" class=\"wpforms-field wpforms-field-number\" data-field-id=\"30\"><label class=\"wpforms-field-label\" for=\"wpforms-2626-field_30\">Kundennummer <span class=\"wpforms-required-label\">*<\/span><\/label><input type=\"number\" id=\"wpforms-2626-field_30\" class=\"wpforms-field-medium wpforms-field-required\" name=\"wpforms[fields][30]\" placeholder=\"123456\" step=\"any\" required><div class=\"wpforms-field-description\">Wenn nicht bitte eine \"0\" eintragen.<\/div><\/div><div id=\"wpforms-2626-field_15-container\" class=\"wpforms-field wpforms-field-text\" data-field-id=\"15\"><label class=\"wpforms-field-label\" for=\"wpforms-2626-field_15\">Stra\u00dfe, Hs.Nr.<\/label><input type=\"text\" id=\"wpforms-2626-field_15\" class=\"wpforms-field-medium\" name=\"wpforms[fields][15]\" ><\/div><div id=\"wpforms-2626-field_16-container\" class=\"wpforms-field wpforms-field-text\" data-field-id=\"16\"><label class=\"wpforms-field-label\" for=\"wpforms-2626-field_16\">PLZ, Ort<\/label><input type=\"text\" id=\"wpforms-2626-field_16\" class=\"wpforms-field-medium\" name=\"wpforms[fields][16]\" ><\/div><div id=\"wpforms-2626-field_29-container\" class=\"wpforms-field wpforms-field-select wpforms-field-select-style-classic\" data-field-id=\"29\"><label class=\"wpforms-field-label\" for=\"wpforms-2626-field_29\">Installationsanschrift <span class=\"wpforms-required-label\">*<\/span><\/label><select id=\"wpforms-2626-field_29\" class=\"wpforms-field-medium wpforms-field-required\" name=\"wpforms[fields][29]\" required=\"required\"><option value=\"Bitte ausw\u00e4hlen\"  class=\"choice-3 depth-1\"  >Bitte ausw\u00e4hlen<\/option><option value=\"Ja\"  class=\"choice-1 depth-1\"  >Ja<\/option><option value=\"Nein\"  class=\"choice-2 depth-1\"  >Nein<\/option><\/select><div class=\"wpforms-field-description\">Entspricht die angegebene Anschrift der Installationsanschrift?\n\nWenn nicht bitte unten im Feld Nachricht erg\u00e4nzen.<\/div><\/div><div id=\"wpforms-2626-field_1-container\" class=\"wpforms-field wpforms-field-email\" data-field-id=\"1\"><label class=\"wpforms-field-label\" for=\"wpforms-2626-field_1\">E-Mail <span class=\"wpforms-required-label\">*<\/span><\/label><input type=\"email\" id=\"wpforms-2626-field_1\" class=\"wpforms-field-medium wpforms-field-required\" name=\"wpforms[fields][1]\" spellcheck=\"false\" required><div class=\"wpforms-field-description\">Beispiel: max.muster@email.de<\/div><\/div><div id=\"wpforms-2626-field_7-container\" class=\"wpforms-field wpforms-field-number\" data-field-id=\"7\"><label class=\"wpforms-field-label\" for=\"wpforms-2626-field_7\">Telefonnummer<\/label><input type=\"number\" id=\"wpforms-2626-field_7\" class=\"wpforms-field-medium\" name=\"wpforms[fields][7]\" step=\"any\" ><div class=\"wpforms-field-description\">Beispiel: 0123 \/ 1234 1234<\/div><\/div><div id=\"wpforms-2626-field_8-container\" class=\"wpforms-field wpforms-field-radio\" data-field-id=\"8\"><label class=\"wpforms-field-label\">Fl\u00e4chenart <span class=\"wpforms-required-label\">*<\/span><\/label><ul id=\"wpforms-2626-field_8\" class=\"wpforms-field-required\"><li class=\"choice-1 depth-1\"><input type=\"radio\" id=\"wpforms-2626-field_8_1\" name=\"wpforms[fields][8]\" value=\"Privatbereich\" required ><label class=\"wpforms-field-label-inline\" for=\"wpforms-2626-field_8_1\">Privatbereich<\/label><\/li><li class=\"choice-2 depth-1\"><input type=\"radio\" id=\"wpforms-2626-field_8_2\" name=\"wpforms[fields][8]\" value=\"Gewerbefl\u00e4che\" required ><label class=\"wpforms-field-label-inline\" for=\"wpforms-2626-field_8_2\">Gewerbefl\u00e4che<\/label><\/li><li class=\"choice-3 depth-1\"><input type=\"radio\" id=\"wpforms-2626-field_8_3\" name=\"wpforms[fields][8]\" value=\"Sportplatz oder vergleichbare Fl\u00e4che\" required ><label class=\"wpforms-field-label-inline\" for=\"wpforms-2626-field_8_3\">Sportplatz oder vergleichbare Fl\u00e4che<\/label><\/li><\/ul><\/div><div id=\"wpforms-2626-field_17-container\" class=\"wpforms-field wpforms-field-select wpforms-field-select-style-classic\" data-field-id=\"17\"><label class=\"wpforms-field-label\" for=\"wpforms-2626-field_17\">Gr\u00f6\u00dfe der M\u00e4hfl\u00e4che <span class=\"wpforms-required-label\">*<\/span><\/label><select id=\"wpforms-2626-field_17\" class=\"wpforms-field-medium wpforms-field-required\" name=\"wpforms[fields][17]\" required=\"required\"><option value=\"Bitte ausw\u00e4hlen\"  class=\"choice-10 depth-1\"  >Bitte ausw\u00e4hlen<\/option><option value=\"bis 250 m\u00b2\"  class=\"choice-1 depth-1\"  >bis 250 m\u00b2<\/option><option value=\"250 bis 500 m\u00b2\"  class=\"choice-2 depth-1\"  >250 bis 500 m\u00b2<\/option><option value=\"500 bis 800 m\u00b2\"  class=\"choice-3 depth-1\"  >500 bis 800 m\u00b2<\/option><option value=\"800 bis 1000 m\u00b2\"  class=\"choice-8 depth-1\"  >800 bis 1000 m\u00b2<\/option><option value=\"1000 bis 1500 m\u00b2\"  class=\"choice-7 depth-1\"  >1000 bis 1500 m\u00b2<\/option><option value=\"1500 bis 2000 m\u00b2\"  class=\"choice-6 depth-1\"  >1500 bis 2000 m\u00b2<\/option><option value=\"2000 bis 3000 m\u00b2\"  class=\"choice-5 depth-1\"  >2000 bis 3000 m\u00b2<\/option><option value=\"3000 bis 5000 m\u00b2\"  class=\"choice-4 depth-1\"  >3000 bis 5000 m\u00b2<\/option><option value=\"\u00fcber 5000 m\u00b2\"  class=\"choice-9 depth-1\"  >\u00fcber 5000 m\u00b2<\/option><\/select><\/div><div id=\"wpforms-2626-field_19-container\" class=\"wpforms-field wpforms-field-text\" data-field-id=\"19\"><label class=\"wpforms-field-label\" for=\"wpforms-2626-field_19\">Wie viel Weg\u00fcberfahrten sind herzustellen? <span class=\"wpforms-required-label\">*<\/span><\/label><input type=\"text\" id=\"wpforms-2626-field_19\" class=\"wpforms-field-medium wpforms-field-required\" name=\"wpforms[fields][19]\" placeholder=\"Bitte Wert eintragen. Bei keiner bitte 0 eingeben\" required><div class=\"wpforms-field-description\">Bitte teile uns mit, an wieviel Stellen der M\u00e4hrobter \u00fcber einen Weg fahren muss.\n\n\n<b>Bitte beachte, das die \u00dcberfahrten b\u00fcndig zur Grasnabe sein m\u00fcssen und nicht in Beton verlegt werden k\u00f6nnen.<\/b>\n\n<\/div><\/div><div id=\"wpforms-2626-field_21-container\" class=\"wpforms-field wpforms-field-select wpforms-field-select-style-classic\" data-field-id=\"21\"><label class=\"wpforms-field-label\" for=\"wpforms-2626-field_21\">Befinden sich in dem Grundst\u00fcck zu ber\u00fccksichtigende Gew\u00e4sser? <span class=\"wpforms-required-label\">*<\/span><\/label><select id=\"wpforms-2626-field_21\" class=\"wpforms-field-medium wpforms-field-required\" name=\"wpforms[fields][21]\" required=\"required\"><option value=\"Bitte ausw\u00e4hlen\"  class=\"choice-1 depth-1\"  >Bitte ausw\u00e4hlen<\/option><option value=\"Keins\"  class=\"choice-2 depth-1\"  >Keins<\/option><option value=\"Pool\"  class=\"choice-4 depth-1\"  >Pool<\/option><option value=\"Teich\"  class=\"choice-3 depth-1\"  >Teich<\/option><option value=\"Bach\"  class=\"choice-5 depth-1\"  >Bach<\/option><\/select><div class=\"wpforms-field-description\">Diese Angabe hilft uns bei der Vorbereitung auf eine eventuelle Installation.\n<\/div><\/div><div id=\"wpforms-2626-field_22-container\" class=\"wpforms-field wpforms-field-select wpforms-field-select-style-classic\" data-field-id=\"22\"><label class=\"wpforms-field-label\" for=\"wpforms-2626-field_22\">Gibt es auf der M\u00e4hfl\u00e4che zu ber\u00fccksichtigende Steigungen? <span class=\"wpforms-required-label\">*<\/span><\/label><select id=\"wpforms-2626-field_22\" class=\"wpforms-field-medium wpforms-field-required\" name=\"wpforms[fields][22]\" required=\"required\"><option value=\"Bitte ausw\u00e4hlen\"  class=\"choice-1 depth-1\"  >Bitte ausw\u00e4hlen<\/option><option value=\"Keine\"  class=\"choice-2 depth-1\"  >Keine<\/option><option value=\"bis 25%\"  class=\"choice-3 depth-1\"  >bis 25%<\/option><option value=\"25 bis 35%\"  class=\"choice-5 depth-1\"  >25 bis 35%<\/option><option value=\"35 bis 45%\"  class=\"choice-6 depth-1\"  >35 bis 45%<\/option><option value=\"\u00fcber 35%\"  class=\"choice-7 depth-1\"  >\u00fcber 35%<\/option><\/select><div class=\"wpforms-field-description\">F\u00fcr die Wahl des richtigen M\u00e4hers ben\u00f6tigen wir die Angabe ob auf der M\u00e4hfl\u00e4che Steigungen vorhanden sind, die der M\u00e4her \u00fcberwinden muss.\n\n\n<b> Hilfe: 1 cm H\u00f6henunterschied auf 1 Meter Strecke entspricht 1%. \nDie Formel zur Berechnung des Gef\u00e4lles lautet: H\u00f6henunterschied zwischen Punkt A und B geteilt durch Strecke zwischen Punkt A und B mal 100 ergibt das Gef\u00e4lle.\n Beispiel: 25cm H\u00f6henunterschied \/ 500cm Strecke = 0,05 multipliziert mit 100 = 5% Gef\u00e4lle.<\/b><\/div><\/div><div id=\"wpforms-2626-field_23-container\" class=\"wpforms-field wpforms-field-text\" data-field-id=\"23\"><label class=\"wpforms-field-label\" for=\"wpforms-2626-field_23\">Wie viel Engstellen unter 100 cm Breite sind auf der M\u00e4hfl\u00e4che vorhanden?* <span class=\"wpforms-required-label\">*<\/span><\/label><input type=\"text\" id=\"wpforms-2626-field_23\" class=\"wpforms-field-medium wpforms-field-required\" name=\"wpforms[fields][23]\" placeholder=\"Bitte Wert eintragen. Bei keiner bitte 0 eingeben\" required><\/div><div id=\"wpforms-2626-field_24-container\" class=\"wpforms-field wpforms-field-text\" data-field-id=\"24\"><label class=\"wpforms-field-label\" for=\"wpforms-2626-field_24\">Wie viel Baumst\u00fcmpfe m\u00fcssen entfernt werden, die auf der M\u00e4hfl\u00e4che stehen? <span class=\"wpforms-required-label\">*<\/span><\/label><input type=\"text\" id=\"wpforms-2626-field_24\" class=\"wpforms-field-medium wpforms-field-required\" name=\"wpforms[fields][24]\" placeholder=\"Bitte Wert eintragen. Bei keinem bitte 0 eingeben\" required><div class=\"wpforms-field-description\">Bitte teile uns mit, ob wir mittels Stumpenfr\u00e4se Baumst\u00fcmpfe auf der M\u00e4hfl\u00e4che entfernen m\u00fcssen.\n\n\n<b> Bitte beachte, das hochstehende Wurzeln ein Hindernis f\u00fcr den M\u00e4her darstellen und entfernt werden m\u00fcssen, da ansonsten der M\u00e4her daran h\u00e4ngen bleibt. Sollte ein Entfernen nicht m\u00f6glich sein, m\u00fcsste der Bereich umschleift werden.<\/b><\/div><\/div><div id=\"wpforms-2626-field_26-container\" class=\"wpforms-field wpforms-field-select wpforms-field-select-style-classic\" data-field-id=\"26\"><label class=\"wpforms-field-label\" for=\"wpforms-2626-field_26\">M\u00f6chte der Kunde f\u00fcr seinen M\u00e4her ein passendes Sonnendach?<\/label><select id=\"wpforms-2626-field_26\" class=\"wpforms-field-medium\" name=\"wpforms[fields][26]\"><option value=\"Ja\"  class=\"choice-1 depth-1\"  >Ja<\/option><option value=\"Nein\"  class=\"choice-2 depth-1\"  >Nein<\/option><\/select><\/div><div id=\"wpforms-2626-field_2-container\" class=\"wpforms-field wpforms-field-textarea\" data-field-id=\"2\"><label class=\"wpforms-field-label\" for=\"wpforms-2626-field_2\">Nachricht<\/label><textarea id=\"wpforms-2626-field_2\" class=\"wpforms-field-medium\" name=\"wpforms[fields][2]\" ><\/textarea><\/div><div id=\"wpforms-2626-field_32-container\" class=\"wpforms-field wpforms-field-select wpforms-field-select-style-classic\" data-field-id=\"32\"><label class=\"wpforms-field-label\" for=\"wpforms-2626-field_32\">Filialk\u00fcrzel <span class=\"wpforms-required-label\">*<\/span><\/label><select id=\"wpforms-2626-field_32\" class=\"wpforms-field-medium wpforms-field-required\" name=\"wpforms[fields][32]\" required=\"required\"><option value=\"\" class=\"placeholder\" disabled  selected='selected'>Bitte ausw\u00e4hlen<\/option><option value=\"SLN\"  class=\"choice-2 depth-1\"  >SLN<\/option><option value=\"OEL\"  class=\"choice-3 depth-1\"  >OEL<\/option><option value=\"CHE\"  class=\"choice-4 depth-1\"  >CHE<\/option><option value=\"ROC\"  class=\"choice-5 depth-1\"  >ROC<\/option><option value=\"GCW\"  class=\"choice-6 depth-1\"  >GCW<\/option><option value=\"ABG\"  class=\"choice-7 depth-1\"  >ABG<\/option><option value=\"ZWI\"  class=\"choice-8 depth-1\"  >ZWI<\/option><\/select><\/div><div id=\"wpforms-2626-field_33-container\" class=\"wpforms-field wpforms-field-text\" data-field-id=\"33\"><label class=\"wpforms-field-label\" for=\"wpforms-2626-field_33\">Mitarbeiterk\u00fcrzel <span class=\"wpforms-required-label\">*<\/span><\/label><input type=\"text\" id=\"wpforms-2626-field_33\" class=\"wpforms-field-medium wpforms-field-required wpforms-limit-characters-enabled\" data-form-id=\"2626\" data-field-id=\"33\" data-text-limit=\"3\" name=\"wpforms[fields][33]\" maxlength=\"3\" required><\/div><div id=\"wpforms-2626-field_36-container\" class=\"wpforms-field wpforms-field-email\" data-field-id=\"36\"><label class=\"wpforms-field-label\" for=\"wpforms-2626-field_36\">Mailadresse absendende Filiale <span class=\"wpforms-required-label\">*<\/span><\/label><input type=\"email\" id=\"wpforms-2626-field_36\" class=\"wpforms-field-medium wpforms-field-required\" name=\"wpforms[fields][36]\" spellcheck=\"false\" required><div class=\"wpforms-field-description\">An diese Mailadresse wird das abgesendete Formular ebenfalls gesendet.<\/div><\/div><\/div><!-- .wpforms-field-container --><div class=\"wpforms-field wpforms-field-hp\"><label for=\"wpforms-2626-field-hp\" class=\"wpforms-field-label\">Phone<\/label><input type=\"text\" name=\"wpforms[hp]\" id=\"wpforms-2626-field-hp\" class=\"wpforms-field-medium\"><\/div><div class=\"wpforms-recaptcha-container wpforms-is-recaptcha wpforms-is-recaptcha-type-v2\" ><div class=\"g-recaptcha\" data-sitekey=\"6Le4f1EpAAAAAP5fga_jkalfIyDVXWTVqpq6lg7s\"><\/div><input type=\"text\" name=\"g-recaptcha-hidden\" class=\"wpforms-recaptcha-hidden\" style=\"position:absolute!important;clip:rect(0,0,0,0)!important;height:1px!important;width:1px!important;border:0!important;overflow:hidden!important;padding:0!important;margin:0!important;\" data-rule-recaptcha=\"1\"><\/div><div class=\"wpforms-submit-container\" ><input type=\"hidden\" name=\"wpforms[id]\" value=\"2626\"><input type=\"hidden\" name=\"page_title\" value=\"\"><input type=\"hidden\" name=\"page_url\" value=\"https:\/\/www.leitermann.de\/maehroboter\/wp-json\/wp\/v2\/pages\/2336\"><input type=\"hidden\" name=\"url_referer\" value=\"\"><button type=\"submit\" name=\"wpforms[submit]\" id=\"wpforms-submit-2626\" class=\"wpforms-submit\" data-alt-text=\"Senden...\" data-submit-text=\"Absenden\" aria-live=\"assertive\" value=\"wpforms-submit\">Absenden<\/button><\/div><\/form><\/div>  <!-- .wpforms-container --> <\/div>\n\t\t\t\t\t\t<\/div>\n\t\t\t\t<\/div>\n\t\t\t\t<div class=\"elementor-element elementor-element-06a82bd elementor-widget elementor-widget-button\" data-id=\"06a82bd\" data-element_type=\"widget\" data-e-type=\"widget\" data-widget_type=\"button.default\">\n\t\t\t\t<div class=\"elementor-widget-container\">\n\t\t\t\t\t\t\t\t\t<div class=\"elementor-button-wrapper\">\n\t\t\t\t\t<a class=\"elementor-button elementor-button-link elementor-size-sm\" href=\"https:\/\/www.leitermann.de\/maehroboter\/filialanfrage\/\" rel=\"nofollow\">\n\t\t\t\t\t\t<span class=\"elementor-button-content-wrapper\">\n\t\t\t\t\t\t\t\t\t<span class=\"elementor-button-text\">zur\u00fcck zum Anfrageformular<\/span>\n\t\t\t\t\t<\/span>\n\t\t\t\t\t<\/a>\n\t\t\t\t<\/div>\n\t\t\t\t\t\t\t\t<\/div>\n\t\t\t\t<\/div>\n\t\t\t\t\t<\/div>\n\t\t<\/div>\n\t\t\t\t\t<\/div>\n\t\t<\/section>\n\t\t\t\t<\/div>\n\t\t","protected":false},"excerpt":{"rendered":"<p>zur\u00fcck zum Anfrageformular<\/p>\n","protected":false},"author":4,"featured_media":0,"parent":0,"menu_order":0,"comment_status":"closed","ping_status":"closed","template":"","meta":{"footnotes":""},"class_list":["post-2336","page","type-page","status-publish","hentry"],"yoast_head":"<!-- This site is optimized with the Yoast SEO plugin v26.9 - https:\/\/yoast.com\/product\/yoast-seo-wordpress\/ -->\n<title>Filialanfrage Besichtigung - M\u00e4hroboter von Leitermann<\/title>\n<meta name=\"robots\" content=\"noindex, nofollow\" \/>\n<meta property=\"og:locale\" content=\"de_DE\" \/>\n<meta property=\"og:type\" content=\"article\" \/>\n<meta property=\"og:title\" content=\"Filialanfrage Besichtigung - M\u00e4hroboter von Leitermann\" \/>\n<meta property=\"og:description\" content=\"zur\u00fcck zum Anfrageformular\" \/>\n<meta property=\"og:url\" content=\"https:\/\/www.leitermann.de\/maehroboter\/filialanfrage\/\" \/>\n<meta property=\"og:site_name\" content=\"M\u00e4hroboter von Leitermann\" \/>\n<meta property=\"article:modified_time\" content=\"2022-03-08T16:22:29+00:00\" \/>\n<meta name=\"twitter:card\" content=\"summary_large_image\" \/>\n<meta name=\"twitter:label1\" content=\"Gesch\u00e4tzte Lesezeit\" \/>\n\t<meta name=\"twitter:data1\" content=\"3\u00a0Minuten\" \/>\n<script type=\"application\/ld+json\" class=\"yoast-schema-graph\">{\"@context\":\"https:\/\/schema.org\",\"@graph\":[{\"@type\":\"WebPage\",\"@id\":\"https:\/\/www.leitermann.de\/maehroboter\/filialanfrage\/\",\"url\":\"https:\/\/www.leitermann.de\/maehroboter\/filialanfrage\/\",\"name\":\"Filialanfrage Besichtigung - M\u00e4hroboter von Leitermann\",\"isPartOf\":{\"@id\":\"https:\/\/www.leitermann.de\/maehroboter\/#website\"},\"datePublished\":\"2021-05-03T13:08:17+00:00\",\"dateModified\":\"2022-03-08T16:22:29+00:00\",\"breadcrumb\":{\"@id\":\"https:\/\/www.leitermann.de\/maehroboter\/filialanfrage\/#breadcrumb\"},\"inLanguage\":\"de\",\"potentialAction\":[{\"@type\":\"ReadAction\",\"target\":[\"https:\/\/www.leitermann.de\/maehroboter\/filialanfrage\/\"]}]},{\"@type\":\"BreadcrumbList\",\"@id\":\"https:\/\/www.leitermann.de\/maehroboter\/filialanfrage\/#breadcrumb\",\"itemListElement\":[{\"@type\":\"ListItem\",\"position\":1,\"name\":\"Startseite\",\"item\":\"https:\/\/www.leitermann.de\/maehroboter\/\"},{\"@type\":\"ListItem\",\"position\":2,\"name\":\"Filialanfrage Besichtigung\"}]},{\"@type\":\"WebSite\",\"@id\":\"https:\/\/www.leitermann.de\/maehroboter\/#website\",\"url\":\"https:\/\/www.leitermann.de\/maehroboter\/\",\"name\":\"M\u00e4hroboter von Leitermann\",\"description\":\"M\u00e4hroboter in Sachsen und Th\u00fcringen\",\"publisher\":{\"@id\":\"https:\/\/www.leitermann.de\/maehroboter\/#organization\"},\"potentialAction\":[{\"@type\":\"SearchAction\",\"target\":{\"@type\":\"EntryPoint\",\"urlTemplate\":\"https:\/\/www.leitermann.de\/maehroboter\/?s={search_term_string}\"},\"query-input\":{\"@type\":\"PropertyValueSpecification\",\"valueRequired\":true,\"valueName\":\"search_term_string\"}}],\"inLanguage\":\"de\"},{\"@type\":\"Organization\",\"@id\":\"https:\/\/www.leitermann.de\/maehroboter\/#organization\",\"name\":\"M\u00e4hroboter von Leitermann\",\"url\":\"https:\/\/www.leitermann.de\/maehroboter\/\",\"logo\":{\"@type\":\"ImageObject\",\"inLanguage\":\"de\",\"@id\":\"https:\/\/www.leitermann.de\/maehroboter\/#\/schema\/logo\/image\/\",\"url\":\"https:\/\/www.leitermann.de\/maehroboter\/wp-content\/uploads\/2022\/02\/LEITERMANN_Primaermarke_RGB_neu.png\",\"contentUrl\":\"https:\/\/www.leitermann.de\/maehroboter\/wp-content\/uploads\/2022\/02\/LEITERMANN_Primaermarke_RGB_neu.png\",\"width\":1537,\"height\":404,\"caption\":\"M\u00e4hroboter von Leitermann\"},\"image\":{\"@id\":\"https:\/\/www.leitermann.de\/maehroboter\/#\/schema\/logo\/image\/\"}}]}<\/script>\n<!-- \/ Yoast SEO plugin. -->","yoast_head_json":{"title":"Filialanfrage Besichtigung - M\u00e4hroboter von Leitermann","robots":{"index":"noindex","follow":"nofollow"},"og_locale":"de_DE","og_type":"article","og_title":"Filialanfrage Besichtigung - M\u00e4hroboter von Leitermann","og_description":"zur\u00fcck zum Anfrageformular","og_url":"https:\/\/www.leitermann.de\/maehroboter\/filialanfrage\/","og_site_name":"M\u00e4hroboter von Leitermann","article_modified_time":"2022-03-08T16:22:29+00:00","twitter_card":"summary_large_image","twitter_misc":{"Gesch\u00e4tzte Lesezeit":"3\u00a0Minuten"},"schema":{"@context":"https:\/\/schema.org","@graph":[{"@type":"WebPage","@id":"https:\/\/www.leitermann.de\/maehroboter\/filialanfrage\/","url":"https:\/\/www.leitermann.de\/maehroboter\/filialanfrage\/","name":"Filialanfrage Besichtigung - M\u00e4hroboter von Leitermann","isPartOf":{"@id":"https:\/\/www.leitermann.de\/maehroboter\/#website"},"datePublished":"2021-05-03T13:08:17+00:00","dateModified":"2022-03-08T16:22:29+00:00","breadcrumb":{"@id":"https:\/\/www.leitermann.de\/maehroboter\/filialanfrage\/#breadcrumb"},"inLanguage":"de","potentialAction":[{"@type":"ReadAction","target":["https:\/\/www.leitermann.de\/maehroboter\/filialanfrage\/"]}]},{"@type":"BreadcrumbList","@id":"https:\/\/www.leitermann.de\/maehroboter\/filialanfrage\/#breadcrumb","itemListElement":[{"@type":"ListItem","position":1,"name":"Startseite","item":"https:\/\/www.leitermann.de\/maehroboter\/"},{"@type":"ListItem","position":2,"name":"Filialanfrage Besichtigung"}]},{"@type":"WebSite","@id":"https:\/\/www.leitermann.de\/maehroboter\/#website","url":"https:\/\/www.leitermann.de\/maehroboter\/","name":"M\u00e4hroboter von Leitermann","description":"M\u00e4hroboter in Sachsen und Th\u00fcringen","publisher":{"@id":"https:\/\/www.leitermann.de\/maehroboter\/#organization"},"potentialAction":[{"@type":"SearchAction","target":{"@type":"EntryPoint","urlTemplate":"https:\/\/www.leitermann.de\/maehroboter\/?s={search_term_string}"},"query-input":{"@type":"PropertyValueSpecification","valueRequired":true,"valueName":"search_term_string"}}],"inLanguage":"de"},{"@type":"Organization","@id":"https:\/\/www.leitermann.de\/maehroboter\/#organization","name":"M\u00e4hroboter von Leitermann","url":"https:\/\/www.leitermann.de\/maehroboter\/","logo":{"@type":"ImageObject","inLanguage":"de","@id":"https:\/\/www.leitermann.de\/maehroboter\/#\/schema\/logo\/image\/","url":"https:\/\/www.leitermann.de\/maehroboter\/wp-content\/uploads\/2022\/02\/LEITERMANN_Primaermarke_RGB_neu.png","contentUrl":"https:\/\/www.leitermann.de\/maehroboter\/wp-content\/uploads\/2022\/02\/LEITERMANN_Primaermarke_RGB_neu.png","width":1537,"height":404,"caption":"M\u00e4hroboter von Leitermann"},"image":{"@id":"https:\/\/www.leitermann.de\/maehroboter\/#\/schema\/logo\/image\/"}}]}},"_links":{"self":[{"href":"https:\/\/www.leitermann.de\/maehroboter\/wp-json\/wp\/v2\/pages\/2336","targetHints":{"allow":["GET"]}}],"collection":[{"href":"https:\/\/www.leitermann.de\/maehroboter\/wp-json\/wp\/v2\/pages"}],"about":[{"href":"https:\/\/www.leitermann.de\/maehroboter\/wp-json\/wp\/v2\/types\/page"}],"author":[{"embeddable":true,"href":"https:\/\/www.leitermann.de\/maehroboter\/wp-json\/wp\/v2\/users\/4"}],"replies":[{"embeddable":true,"href":"https:\/\/www.leitermann.de\/maehroboter\/wp-json\/wp\/v2\/comments?post=2336"}],"version-history":[{"count":0,"href":"https:\/\/www.leitermann.de\/maehroboter\/wp-json\/wp\/v2\/pages\/2336\/revisions"}],"wp:attachment":[{"href":"https:\/\/www.leitermann.de\/maehroboter\/wp-json\/wp\/v2\/media?parent=2336"}],"curies":[{"name":"wp","href":"https:\/\/api.w.org\/{rel}","templated":true}]}}